{"id":12037,"date":"2026-03-03T13:14:56","date_gmt":"2026-03-03T13:14:56","guid":{"rendered":"https:\/\/ronn-design.de\/?page_id=12037"},"modified":"2026-03-03T13:18:45","modified_gmt":"2026-03-03T13:18:45","slug":"impressum","status":"publish","type":"page","link":"https:\/\/ronn-design.de\/de\/impressum\/","title":{"rendered":"Impressum"},"content":{"rendered":"\n<h2 class=\"wp-block-heading\"><\/h2>\n\n\n\n<h3 class=\"wp-block-heading\">Angaben gem\u00e4\u00df \u00a7 5 TMG<\/h3>\n\n\n\n<p><strong>RONN Design GmbH<\/strong><br>Unterwaldenstrasse 7<br>814 M\u00fcnchen<br>Deutschland<\/p>\n\n\n\n<p><strong>Telefon:<\/strong> +49 179 3207647<br><strong>E-Mail:<\/strong> info@ronn-design.de<\/p>\n\n\n\n<p><strong>Vertreten durch die Gesch\u00e4ftsf\u00fchrerin:<\/strong><br>Anna Levina<\/p>\n\n\n\n<p><strong>Registergericht:<\/strong> Amtsgericht M\u00fcnchen<br><strong>Handelsregisternummer:<\/strong> HRB [&#8230;]<\/p>\n\n\n\n<p><strong>Umsatzsteuer-Identifikationsnummer gem\u00e4\u00df \u00a727a UStG:<\/strong><br>DE455224611<\/p>\n\n\n\n<p><strong>Verantwortlich f\u00fcr den Inhalt nach \u00a7 18 Abs. 2 MStV:<\/strong><br>Anna Levina<br>Unterwaldenstrasse 7<br>81475 M\u00fcnchen<\/p>\n\n\n\n<hr class=\"wp-block-separator has-alpha-channel-opacity\"\/>\n\n\n\n<h3 class=\"wp-block-heading\">Haftungsausschluss<\/h3>\n\n\n\n<h4 class=\"wp-block-heading\">Haftung f\u00fcr Inhalte<\/h4>\n\n\n\n<p>Als Diensteanbieter sind wir gem\u00e4\u00df \u00a7 7 Abs.1 TMG f\u00fcr eigene Inhalte auf diesen Seiten nach den allgemeinen Gesetzen verantwortlich. Eine Haftung f\u00fcr die Richtigkeit, Vollst\u00e4ndigkeit und Aktualit\u00e4t der Inhalte wird jedoch nicht \u00fcbernommen.<\/p>\n\n\n\n<h4 class=\"wp-block-heading\">Haftung f\u00fcr Links<\/h4>\n\n\n\n<p>Unsere Website enth\u00e4lt Verlinkungen zu externen Websites Dritter, auf deren Inhalte wir keinen Einfluss haben. F\u00fcr diese fremden Inhalte \u00fcbernehmen wir keine Gew\u00e4hr.<\/p>\n\n\n\n<h4 class=\"wp-block-heading\">Urheberrecht<\/h4>\n\n\n\n<p>Die von RONN Design GmbH erstellten Inhalte und Werke auf dieser Website unterliegen dem Urheberrecht. Jegliche Nutzung au\u00dferhalb der Grenzen des Urheberrechts bedarf der vorherigen schriftlichen Zustimmung des Rechteinhabers.<\/p>\n","protected":false},"excerpt":{"rendered":"<p>Angaben gem\u00e4\u00df \u00a7 5 TMG RONN Design GmbHUnterwaldenstrasse 7814 M\u00fcnchenDeutschland Telefon: +49 179 3207647E-Mail: info@ronn-design.de Vertreten durch die Gesch\u00e4ftsf\u00fchrerin:Anna Levina Registergericht: Amtsgericht M\u00fcnchenHandelsregisternummer: HRB [&#8230;] Umsatzsteuer-Identifikationsnummer gem\u00e4\u00df \u00a727a UStG:DE455224611 Verantwortlich f\u00fcr den Inhalt nach \u00a7 18 Abs. 2 MStV:Anna LevinaUnterwaldenstrasse 781475 M\u00fcnchen Haftungsausschluss Haftung f\u00fcr Inhalte Als Diensteanbieter sind wir gem\u00e4\u00df \u00a7 7 Abs.1 TMG [&hellip;]<\/p>\n","protected":false},"author":1,"featured_media":0,"parent":0,"menu_order":0,"comment_status":"closed","ping_status":"closed","template":"","meta":{"_surecart_dashboard_logo_width":"180px","_surecart_dashboard_show_logo":true,"_surecart_dashboard_navigation_orders":true,"_surecart_dashboard_navigation_invoices":true,"_surecart_dashboard_navigation_subscriptions":true,"_surecart_dashboard_navigation_downloads":true,"_surecart_dashboard_navigation_billing":true,"_surecart_dashboard_navigation_account":true,"_monsterinsights_skip_tracking":false,"_monsterinsights_sitenote_active":false,"_monsterinsights_sitenote_note":"","_monsterinsights_sitenote_category":0,"footnotes":""},"class_list":["post-12037","page","type-page","status-publish","hentry"],"aioseo_notices":[],"jetpack_sharing_enabled":true,"_links":{"self":[{"href":"https:\/\/ronn-design.de\/de\/wp-json\/wp\/v2\/pages\/12037","targetHints":{"allow":["GET"]}}],"collection":[{"href":"https:\/\/ronn-design.de\/de\/wp-json\/wp\/v2\/pages"}],"about":[{"href":"https:\/\/ronn-design.de\/de\/wp-json\/wp\/v2\/types\/page"}],"author":[{"embeddable":true,"href":"https:\/\/ronn-design.de\/de\/wp-json\/wp\/v2\/users\/1"}],"replies":[{"embeddable":true,"href":"https:\/\/ronn-design.de\/de\/wp-json\/wp\/v2\/comments?post=12037"}],"version-history":[{"count":2,"href":"https:\/\/ronn-design.de\/de\/wp-json\/wp\/v2\/pages\/12037\/revisions"}],"predecessor-version":[{"id":12098,"href":"https:\/\/ronn-design.de\/de\/wp-json\/wp\/v2\/pages\/12037\/revisions\/12098"}],"wp:attachment":[{"href":"https:\/\/ronn-design.de\/de\/wp-json\/wp\/v2\/media?parent=12037"}],"curies":[{"name":"wp","href":"https:\/\/api.w.org\/{rel}","templated":true}]}}